{"id":13,"date":"2010-04-01T19:56:20","date_gmt":"2010-04-01T17:56:20","guid":{"rendered":"http:\/\/lysianeclement.com\/WordPress\/?page_id=13"},"modified":"2022-02-18T17:47:09","modified_gmt":"2022-02-18T15:47:09","slug":"videos","status":"publish","type":"page","link":"http:\/\/lysianeclement.com\/WordPress\/videos\/","title":{"rendered":"VID\u00c9OS"},"content":{"rendered":"<p>T\u00eatard &#8211; de Thiebault Gu\u00e9rin. Une femme enceinte rencontre son voisin un peu sp\u00e9cial. Sept 2020.<br \/>\n<iframe loading=\"lazy\" src=\"https:\/\/player.vimeo.com\/video\/479641308?h=78901211c0&amp;dnt=1&amp;app_id=122963\" width=\"700\" height=\"394\" frameborder=\"0\" allow=\"autoplay; fullscreen; picture-in-picture\" allowfullscreen><\/iframe><\/p>\n<p>Coronanar, \u00e9pisode 3 &#8211; S\u00e9rie tourn\u00e9e pendant le confinement d&rsquo;avril 2020 avec les moyens du bord. R\u00e9alisation de Lysiane Cl\u00e9ment.<br \/>\n<iframe loading=\"lazy\" width=\"560\" height=\"315\" src=\"https:\/\/www.youtube.com\/embed\/RmJpPK1utBA?start=26\" frameborder=\"0\" allow=\"accelerometer; autoplay; encrypted-media; gyroscope; picture-in-picture\" allowfullscreen=\"\"><\/iframe><\/p>\n<p>GRETA, de Thiebault Gu\u00e9rin. R\u00f4le de la randonneuse. Court-m\u00e9trage r\u00e9alis\u00e9 dans le cadre du \u00ab\u00a0Kino Lyon sept 2019\u00a0\u00bb- 1er prix sur 25 participants.<br \/>\n<iframe loading=\"lazy\" src=\"https:\/\/player.vimeo.com\/video\/354471279?byline=0&amp;portrait=0\" width=\"640\" height=\"360\" frameborder=\"0\" allow=\"autoplay; fullscreen\" allowfullscreen=\"\"><\/iframe><\/p>\n<p>Teaser de la pi\u00e8ce de th\u00e9\u00e2tre immersive d&rsquo;apr\u00e8s Rom\u00e9o et Juliette Shakespeare&rsquo;s ghosts &#8211; 2019 &#8211; r\u00e9al. Thiebault Gu\u00e9rin. R\u00f4le de Juliette.<br \/>\n<iframe loading=\"lazy\" src=\"https:\/\/player.vimeo.com\/video\/332326055?byline=0&amp;portrait=0\" width=\"640\" height=\"360\" frameborder=\"0\" allow=\"autoplay; fullscreen\" allowfullscreen=\"\"><\/iframe><\/p>\n<p>Petit Cannelloni, de Thiebault Gu\u00e9rin. R\u00f4le de la s\u0153ur. Court-m\u00e9trage r\u00e9alis\u00e9 dans le cadre du \u00ab\u00a048h plus tard 2018\u00a0\u00bb- 3\u00e8me sur 25 participants.<br \/>\n<iframe loading=\"lazy\" src=\"https:\/\/player.vimeo.com\/video\/332924138?byline=0&amp;portrait=0\" width=\"640\" height=\"360\" frameborder=\"0\" allow=\"autoplay; fullscreen\" allowfullscreen=\"\"><\/iframe><\/p>\n<p>L&rsquo;Ambition de la confiance, r\u00e9alisation Thiebault Gu\u00e9rin, r\u00f4le de Dieu &#8211; r\u00e9alis\u00e9 dans le cadre du \u00ab\u00a048h plus tard 2018\u00a0\u00bb- 3\u00e8me sur 25 participants.<iframe loading=\"lazy\" src=\"https:\/\/player.vimeo.com\/video\/264937102?byline=0&amp;portrait=0\" width=\"640\" height=\"360\" frameborder=\"0\" allow=\"autoplay; fullscreen\" allowfullscreen=\"\"><\/iframe><\/p>\n<p>Harmonium, r\u00e9alisation Thiebault Gu\u00e9rin, r\u00f4le de la m\u00e8re &#8211; 2017<br \/>\n<iframe loading=\"lazy\" src=\"https:\/\/www.youtube.com\/embed\/EsnB4aAE1Gc?rel=0&amp;controls=0\" width=\"560\" height=\"315\" frameborder=\"0\" allowfullscreen=\"allowfullscreen\"><\/iframe><\/p>\n<p>Court-m\u00e9trage \u00ab\u00a015 ans\u00a0\u00bb r\u00e9alis\u00e9 lors du 48h film project de Lyon &#8211; nov 2016<br \/>\n<iframe loading=\"lazy\" src=\"https:\/\/www.youtube.com\/embed\/yyaPnWD6ZwM\" width=\"560\" height=\"315\" frameborder=\"0\" allowfullscreen=\"allowfullscreen\"><\/iframe><\/p>\n","protected":false},"excerpt":{"rendered":"<p>T\u00eatard &#8211; de Thiebault Gu\u00e9rin. Une femme enceinte rencontre son voisin un peu sp\u00e9cial. Sept 2020. Coronanar, \u00e9pisode 3 &#8211; S\u00e9rie tourn\u00e9e pendant le confinement d&rsquo;avril 2020 avec les moyens du bord. R\u00e9alisation de Lysiane Cl\u00e9ment. GRETA, de Thiebault Gu\u00e9rin. R\u00f4le de la randonneuse. Court-m\u00e9trage r\u00e9alis\u00e9 dans le cadre du \u00ab\u00a0Kino Lyon sept 2019\u00a0\u00bb- 1er &#8230; <span class=\"more\"><a class=\"more-link\" href=\"http:\/\/lysianeclement.com\/WordPress\/videos\/\">Lire la suite<\/a><\/span><\/p>\n","protected":false},"author":2,"featured_media":0,"parent":0,"menu_order":3,"comment_status":"closed","ping_status":"closed","template":"","meta":{"footnotes":""},"class_list":["entry","page","publish","author-lysianec","post-13"],"_links":{"self":[{"href":"http:\/\/lysianeclement.com\/WordPress\/wp-json\/wp\/v2\/pages\/13","targetHints":{"allow":["GET"]}}],"collection":[{"href":"http:\/\/lysianeclement.com\/WordPress\/wp-json\/wp\/v2\/pages"}],"about":[{"href":"http:\/\/lysianeclement.com\/WordPress\/wp-json\/wp\/v2\/types\/page"}],"author":[{"embeddable":true,"href":"http:\/\/lysianeclement.com\/WordPress\/wp-json\/wp\/v2\/users\/2"}],"replies":[{"embeddable":true,"href":"http:\/\/lysianeclement.com\/WordPress\/wp-json\/wp\/v2\/comments?post=13"}],"version-history":[{"count":70,"href":"http:\/\/lysianeclement.com\/WordPress\/wp-json\/wp\/v2\/pages\/13\/revisions"}],"predecessor-version":[{"id":1895,"href":"http:\/\/lysianeclement.com\/WordPress\/wp-json\/wp\/v2\/pages\/13\/revisions\/1895"}],"wp:attachment":[{"href":"http:\/\/lysianeclement.com\/WordPress\/wp-json\/wp\/v2\/media?parent=13"}],"curies":[{"name":"wp","href":"https:\/\/api.w.org\/{rel}","templated":true}]}}