{"id":1439,"date":"2016-02-20T12:47:13","date_gmt":"2016-02-20T10:47:13","guid":{"rendered":"http:\/\/lysianeclement.com\/WordPress\/?page_id=1439"},"modified":"2026-02-26T16:33:15","modified_gmt":"2026-02-26T14:33:15","slug":"accueil","status":"publish","type":"page","link":"http:\/\/lysianeclement.com\/WordPress\/","title":{"rendered":"Accueil"},"content":{"rendered":"<h4>Actualit\u00e9s<\/h4>\n<hr \/>\n<h4>Th\u00e9\u00e2tre<\/h4>\n<p><strong>&gt; Repr\u00e9sentations de<em> <a href=\"https:\/\/thespis.fr\/index.php\/les-creations\/liliade\/\">L\u2019Iliade<\/a>\u00a0<\/em>\u00a0&#8211; <a href=\"https:\/\/thespis.fr\/\">cie Thespis<\/a>. Co-mise en sc\u00e8ne, jeu et costumes :<\/strong><\/p>\n<ul>\n<li>13-14 NOV25\u00a0<strong> \u2013<\/strong>\u00a0\u00a0Th\u00e9\u00e2tre L\u2019Ile O \u2013 Lyon (69)\u00a0<strong><a href=\"https:\/\/patadome-theatre.mapado.com\/event\/520024-liliade\">BILLETTERIE<\/a><\/strong><\/li>\n<li>27 NOV25 <strong>\u00a0\u2013\u00a0<\/strong>Pont du Ch\u00e2teau (63)\u00a0<strong><a href=\"https:\/\/www.billetweb.fr\/liliade-cie-thespis1\">BILLETTERIE<\/a><\/strong><\/li>\n<li>4 et 5 MARS26<strong>\u00a0 \u2013\u00a0<\/strong>Seclin (59)<\/li>\n<li>27 MARS26<strong> \u2013\u00a0<\/strong>Saint Martin La Plaine (42)<\/li>\n<li>31 MARS \u2013 1er AVRIL 26 <strong>\u2013\u00a0<\/strong>Saint Raphael (83)\u00a0<a href=\"https:\/\/www.fnacspectacles.com\/artist\/thespis-iliade\/?affiliate=QM0&amp;sv1=affiliate&amp;sv_campaign_id=290127&amp;awc=12494_1753712180_f4fd3e70abdaaa2b15c4c2e7484b1bdd&amp;utm_source=Awin&amp;utm_campaign=290127&amp;utm_medium=affiliate\"><strong>BILLETTERIE<\/strong><\/a><\/li>\n<li>24 AVRIL 26<strong> \u2013\u00a0<\/strong>Lyon 5 \u2013 scolaire (69)<\/li>\n<li>30 AVRIL 26<strong>\u2013\u00a0<\/strong>Autun (71)\u00a0<strong><a href=\"https:\/\/web.digitick.com\/index-css5-autunville-pg1.html\">BILLETTERIE<\/a><br \/>\n<\/strong><\/li>\n<li>22 MAI 26 <strong>\u00a0\u2013 <\/strong>St Claude (39)<\/li>\n<\/ul>\n<p>&nbsp;<\/p>\n<p>&gt; Repr\u00e9sentations de <em><strong>Le village de l&rsquo;allemand,<\/strong><\/em> adaptation du roman de Boualem Sansal &#8211; cie les Asphod\u00e8les du Colibri<\/p>\n<ul>\n<li>25 mars 2026 &#8211; Bruxelles &#8211; Belgique<\/li>\n<\/ul>\n<p>&nbsp;<\/p>\n<p>&gt; <strong>Repr\u00e9sentations de<\/strong> <em style=\"font-size: revert; color: initial;\"><strong>Tu m&rsquo;agresses la parole<\/strong><\/em><span style=\"font-size: revert; color: initial;\"> &#8211; <\/span><a style=\"font-size: revert;\" href=\"http:\/\/www.lelientheatre.com\/\" target=\"_blank\" rel=\"noopener noreferrer\">Cie Lien Th\u00e9\u00e2tre<\/a><\/p>\n<p>sept 2025 \u00e0 juin 2026 &#8211;\u00a0 plusieurs dates en \u00e9tablissements scolaires en Rh\u00f4ne-Alpes<\/p>\n<p>&nbsp;<\/p>\n<p><strong><span style=\"font-size: revert; color: initial;\">&gt; Repr\u00e9sentations de <\/span><\/strong><em style=\"font-size: revert; color: initial;\"><strong>Projet H : manuel de combat<\/strong><\/em><span style=\"font-size: revert; color: initial;\"> &#8211; <\/span><a style=\"font-size: revert;\" href=\"http:\/\/www.lelientheatre.com\/\" target=\"_blank\" rel=\"noopener noreferrer\">Cie Lien Th\u00e9\u00e2tre<\/a><\/p>\n<p>sept 2025 \u00e0 juin 2026 &#8211;\u00a0 plusieurs dates en \u00e9tablissements scolaires en Rh\u00f4ne-Alpes<\/p>\n","protected":false},"excerpt":{"rendered":"<p>Actualit\u00e9s Th\u00e9\u00e2tre &gt; Repr\u00e9sentations de L\u2019Iliade\u00a0\u00a0&#8211; cie Thespis. Co-mise en sc\u00e8ne, jeu et costumes : 13-14 NOV25\u00a0 \u2013\u00a0\u00a0Th\u00e9\u00e2tre L\u2019Ile O \u2013 Lyon (69)\u00a0BILLETTERIE 27 NOV25 \u00a0\u2013\u00a0Pont du Ch\u00e2teau (63)\u00a0BILLETTERIE 4 et 5 MARS26\u00a0 \u2013\u00a0Seclin (59) 27 MARS26 \u2013\u00a0Saint Martin La Plaine (42) 31 MARS \u2013 1er AVRIL 26 \u2013\u00a0Saint Raphael (83)\u00a0BILLETTERIE 24 AVRIL 26 \u2013\u00a0Lyon &#8230; <span class=\"more\"><a class=\"more-link\" href=\"http:\/\/lysianeclement.com\/WordPress\/\">Lire la suite<\/a><\/span><\/p>\n","protected":false},"author":2,"featured_media":0,"parent":0,"menu_order":0,"comment_status":"closed","ping_status":"closed","template":"page-full-width.php","meta":{"footnotes":""},"class_list":["entry","page","publish","author-lysianec","post-1439"],"_links":{"self":[{"href":"http:\/\/lysianeclement.com\/WordPress\/wp-json\/wp\/v2\/pages\/1439","targetHints":{"allow":["GET"]}}],"collection":[{"href":"http:\/\/lysianeclement.com\/WordPress\/wp-json\/wp\/v2\/pages"}],"about":[{"href":"http:\/\/lysianeclement.com\/WordPress\/wp-json\/wp\/v2\/types\/page"}],"author":[{"embeddable":true,"href":"http:\/\/lysianeclement.com\/WordPress\/wp-json\/wp\/v2\/users\/2"}],"replies":[{"embeddable":true,"href":"http:\/\/lysianeclement.com\/WordPress\/wp-json\/wp\/v2\/comments?post=1439"}],"version-history":[{"count":53,"href":"http:\/\/lysianeclement.com\/WordPress\/wp-json\/wp\/v2\/pages\/1439\/revisions"}],"predecessor-version":[{"id":1991,"href":"http:\/\/lysianeclement.com\/WordPress\/wp-json\/wp\/v2\/pages\/1439\/revisions\/1991"}],"wp:attachment":[{"href":"http:\/\/lysianeclement.com\/WordPress\/wp-json\/wp\/v2\/media?parent=1439"}],"curies":[{"name":"wp","href":"https:\/\/api.w.org\/{rel}","templated":true}]}}